{"id":435,"date":"2025-11-20T10:59:36","date_gmt":"2025-11-20T10:59:36","guid":{"rendered":"https:\/\/valeriedruart.be\/index.php\/inedits-croquis-et-dessins-prives\/"},"modified":"2025-12-05T13:34:56","modified_gmt":"2025-12-05T13:34:56","slug":"inedits-croquis-et-dessins-prives","status":"publish","type":"page","link":"https:\/\/valeriedruart.be\/index.php\/inedits-croquis-et-dessins-prives\/","title":{"rendered":"In\u00e9dits (croquis et dessins priv\u00e9s)"},"content":{"rendered":"\t\t<div data-elementor-type=\"wp-page\" data-elementor-id=\"435\" class=\"elementor elementor-435\" data-elementor-post-type=\"page\">\n\t\t\t\t<div class=\"elementor-element elementor-element-473c210 e-flex e-con-boxed e-con e-parent\" data-id=\"473c210\" data-element_type=\"container\" data-e-type=\"container\">\n\t\t\t\t\t<div class=\"e-con-inner\">\n\t\t<div class=\"elementor-element elementor-element-79e7129 e-con-full e-flex e-con e-child\" data-id=\"79e7129\" data-element_type=\"container\" data-e-type=\"container\">\n\t\t\t\t<div class=\"elementor-element elementor-element-0970509 elementor-widget elementor-widget-heading\" data-id=\"0970509\" data-element_type=\"widget\" data-e-type=\"widget\" data-widget_type=\"heading.default\">\n\t\t\t\t\t<h2 class=\"elementor-heading-title elementor-size-default\">IN\u00e9DITS - CROQUIS ET DESSINS PRIV\u00e9S\n<\/h2>\t\t\t\t<\/div>\n\t\t\t\t<\/div>\n\t\t\t\t\t<\/div>\n\t\t\t\t<\/div>\n\t\t<div class=\"elementor-element elementor-element-fee727e e-flex e-con-boxed e-con e-parent\" data-id=\"fee727e\" data-element_type=\"container\" data-e-type=\"container\">\n\t\t\t\t\t<div class=\"e-con-inner\">\n\t\t<div class=\"elementor-element elementor-element-e970460 e-con-full e-flex e-con e-child\" data-id=\"e970460\" data-element_type=\"container\" data-e-type=\"container\">\n\t\t\t\t<div class=\"elementor-element elementor-element-0990257 elementor-widget elementor-widget-text-editor\" data-id=\"0990257\" data-element_type=\"widget\" data-e-type=\"widget\" data-widget_type=\"text-editor.default\">\n\t\t\t\t\t\t\t\t\t<p>Tr\u00e8s prochainement !<\/p>\t\t\t\t\t\t\t\t<\/div>\n\t\t\t\t<\/div>\n\t\t\t\t\t<\/div>\n\t\t\t\t<\/div>\n\t\t\t\t<\/div>\n\t\t","protected":false},"excerpt":{"rendered":"<p>IN\u00e9DITS &#8211; CROQUIS ET DESSINS PRIV\u00e9S Tr\u00e8s prochainement !<\/p>\n","protected":false},"author":1,"featured_media":0,"parent":0,"menu_order":0,"comment_status":"closed","ping_status":"closed","template":"","meta":{"footnotes":""},"folder":[],"class_list":["post-435","page","type-page","status-publish","hentry"],"_links":{"self":[{"href":"https:\/\/valeriedruart.be\/index.php\/wp-json\/wp\/v2\/pages\/435","targetHints":{"allow":["GET"]}}],"collection":[{"href":"https:\/\/valeriedruart.be\/index.php\/wp-json\/wp\/v2\/pages"}],"about":[{"href":"https:\/\/valeriedruart.be\/index.php\/wp-json\/wp\/v2\/types\/page"}],"author":[{"embeddable":true,"href":"https:\/\/valeriedruart.be\/index.php\/wp-json\/wp\/v2\/users\/1"}],"replies":[{"embeddable":true,"href":"https:\/\/valeriedruart.be\/index.php\/wp-json\/wp\/v2\/comments?post=435"}],"version-history":[{"count":10,"href":"https:\/\/valeriedruart.be\/index.php\/wp-json\/wp\/v2\/pages\/435\/revisions"}],"predecessor-version":[{"id":1324,"href":"https:\/\/valeriedruart.be\/index.php\/wp-json\/wp\/v2\/pages\/435\/revisions\/1324"}],"wp:attachment":[{"href":"https:\/\/valeriedruart.be\/index.php\/wp-json\/wp\/v2\/media?parent=435"}],"wp:term":[{"taxonomy":"folder","embeddable":true,"href":"https:\/\/valeriedruart.be\/index.php\/wp-json\/wp\/v2\/folder?post=435"}],"curies":[{"name":"wp","href":"https:\/\/api.w.org\/{rel}","templated":true}]}}