{"id":488,"date":"2025-11-20T10:59:44","date_gmt":"2025-11-20T10:59:44","guid":{"rendered":"https:\/\/valeriedruart.be\/index.php\/livres-auto-edites\/"},"modified":"2025-12-05T13:52:26","modified_gmt":"2025-12-05T13:52:26","slug":"livres-auto-edites-auto-edition","status":"publish","type":"page","link":"https:\/\/valeriedruart.be\/index.php\/livres-auto-edites-auto-edition\/","title":{"rendered":"Livres auto-\u00e9dit\u00e9s"},"content":{"rendered":"\t\t<div data-elementor-type=\"wp-page\" data-elementor-id=\"488\" class=\"elementor elementor-488\" data-elementor-post-type=\"page\">\n\t\t\t\t<div class=\"elementor-element elementor-element-df8fe3b e-flex e-con-boxed e-con e-parent\" data-id=\"df8fe3b\" data-element_type=\"container\" data-e-type=\"container\">\n\t\t\t\t\t<div class=\"e-con-inner\">\n\t\t\t\t<div class=\"elementor-element elementor-element-5b6b74f1 elementor-widget elementor-widget-heading\" data-id=\"5b6b74f1\" data-element_type=\"widget\" data-e-type=\"widget\" data-widget_type=\"heading.default\">\n\t\t\t\t\t<h2 class=\"elementor-heading-title elementor-size-default\">Livres auto \u00e9dit\u00e9s<\/h2>\t\t\t\t<\/div>\n\t\t\t\t\t<\/div>\n\t\t\t\t<\/div>\n\t\t<div class=\"elementor-element elementor-element-2868728 e-flex e-con-boxed e-con e-parent\" data-id=\"2868728\" data-element_type=\"container\" data-e-type=\"container\">\n\t\t\t\t\t<div class=\"e-con-inner\">\n\t\t\t\t<div class=\"elementor-element elementor-element-760456b elementor-widget elementor-widget-spacer\" data-id=\"760456b\" data-element_type=\"widget\" data-e-type=\"widget\" data-widget_type=\"spacer.default\">\n\t\t\t\t\t\t\t<div class=\"elementor-spacer\">\n\t\t\t<div class=\"elementor-spacer-inner\"><\/div>\n\t\t<\/div>\n\t\t\t\t\t\t<\/div>\n\t\t\t\t<div class=\"elementor-element elementor-element-9e27375 elementor-widget elementor-widget-text-editor\" data-id=\"9e27375\" data-element_type=\"widget\" data-e-type=\"widget\" data-widget_type=\"text-editor.default\">\n\t\t\t\t\t\t\t\t\t<ul><li>LIVRES AUTO-EDIT\u00c9S SOLOS<\/li><\/ul>\t\t\t\t\t\t\t\t<\/div>\n\t\t\t\t\t<\/div>\n\t\t\t\t<\/div>\n\t\t<div class=\"elementor-element elementor-element-48534b31 e-flex e-con-boxed e-con e-parent\" data-id=\"48534b31\" data-element_type=\"container\" data-e-type=\"container\">\n\t\t\t\t\t<div class=\"e-con-inner\">\n\t\t\t\t<div class=\"elementor-element elementor-element-e7c477e elementor-widget elementor-widget-text-editor\" data-id=\"e7c477e\" data-element_type=\"widget\" data-e-type=\"widget\" data-widget_type=\"text-editor.default\">\n\t\t\t\t\t\t\t\t\t<p>Clique sur l&rsquo;image pour les regarder en entier<\/p>\t\t\t\t\t\t\t\t<\/div>\n\t\t\t\t<div class=\"elementor-element elementor-element-8249ebc elementor-widget elementor-widget-gallery\" data-id=\"8249ebc\" data-element_type=\"widget\" data-e-type=\"widget\" data-settings=\"{&quot;lazyload&quot;:&quot;yes&quot;,&quot;gallery_layout&quot;:&quot;grid&quot;,&quot;columns&quot;:4,&quot;columns_tablet&quot;:2,&quot;columns_mobile&quot;:1,&quot;gap&quot;:{&quot;unit&quot;:&quot;px&quot;,&quot;size&quot;:10,&quot;sizes&quot;:[]},&quot;gap_tablet&quot;:{&quot;unit&quot;:&quot;px&quot;,&quot;size&quot;:10,&quot;sizes&quot;:[]},&quot;gap_mobile&quot;:{&quot;unit&quot;:&quot;px&quot;,&quot;size&quot;:10,&quot;sizes&quot;:[]},&quot;link_to&quot;:&quot;file&quot;,&quot;aspect_ratio&quot;:&quot;3:2&quot;,&quot;overlay_background&quot;:&quot;yes&quot;,&quot;content_hover_animation&quot;:&quot;fade-in&quot;}\" data-widget_type=\"gallery.default\">\n\t\t\t\t\t\t\t<div class=\"elementor-gallery__container\">\n\t\t\t\t\t\t\t<a class=\"e-gallery-item elementor-gallery-item elementor-animated-content\" href=\"https:\/\/valeriedruart.be\/wp-content\/uploads\/2025\/11\/Couverture-A4-2pages-e1763232389814.png\" data-elementor-open-lightbox=\"yes\" data-elementor-lightbox-slideshow=\"8249ebc\" data-e-action-hash=\"#elementor-action%3Aaction%3Dlightbox%26settings%3DeyJpZCI6NDg5LCJ1cmwiOiJodHRwczpcL1wvdmFsZXJpZWRydWFydC5iZVwvd3AtY29udGVudFwvdXBsb2Fkc1wvMjAyNVwvMTFcL0NvdXZlcnR1cmUtQTQtMnBhZ2VzLWUxNzYzMjMyMzg5ODE0LnBuZyIsInNsaWRlc2hvdyI6IjgyNDllYmMifQ%3D%3D\">\n\t\t\t\t\t<div class=\"e-gallery-image elementor-gallery-item__image\" data-thumbnail=\"https:\/\/valeriedruart.be\/wp-content\/uploads\/2025\/11\/Couverture-A4-2pages-e1763232389814.png\" data-width=\"528\" data-height=\"700\" aria-label=\"\" role=\"img\" ><\/div>\n\t\t\t\t\t\t\t\t\t\t\t<div class=\"elementor-gallery-item__overlay\"><\/div>\n\t\t\t\t\t\t\t\t\t\t\t\t\t\t<\/a>\n\t\t\t\t\t\t\t<a class=\"e-gallery-item elementor-gallery-item elementor-animated-content\" href=\"https:\/\/valeriedruart.be\/wp-content\/uploads\/2025\/11\/couv-livret-lapin.png\" data-elementor-open-lightbox=\"yes\" data-elementor-lightbox-slideshow=\"8249ebc\" data-e-action-hash=\"#elementor-action%3Aaction%3Dlightbox%26settings%3DeyJpZCI6NDcxLCJ1cmwiOiJodHRwczpcL1wvdmFsZXJpZWRydWFydC5iZVwvd3AtY29udGVudFwvdXBsb2Fkc1wvMjAyNVwvMTFcL2NvdXYtbGl2cmV0LWxhcGluLnBuZyIsInNsaWRlc2hvdyI6IjgyNDllYmMifQ%3D%3D\">\n\t\t\t\t\t<div class=\"e-gallery-image elementor-gallery-item__image\" data-thumbnail=\"https:\/\/valeriedruart.be\/wp-content\/uploads\/2025\/11\/couv-livret-lapin.png\" data-width=\"700\" data-height=\"993\" aria-label=\"\" role=\"img\" ><\/div>\n\t\t\t\t\t\t\t\t\t\t\t<div class=\"elementor-gallery-item__overlay\"><\/div>\n\t\t\t\t\t\t\t\t\t\t\t\t\t\t<\/a>\n\t\t\t\t\t\t\t<a class=\"e-gallery-item elementor-gallery-item elementor-animated-content\" href=\"https:\/\/valeriedruart.be\/wp-content\/uploads\/2025\/11\/couv-livret-kit-emotions.png\" data-elementor-open-lightbox=\"yes\" data-elementor-lightbox-slideshow=\"8249ebc\" data-e-action-hash=\"#elementor-action%3Aaction%3Dlightbox%26settings%3DeyJpZCI6NDkwLCJ1cmwiOiJodHRwczpcL1wvdmFsZXJpZWRydWFydC5iZVwvd3AtY29udGVudFwvdXBsb2Fkc1wvMjAyNVwvMTFcL2NvdXYtbGl2cmV0LWtpdC1lbW90aW9ucy5wbmciLCJzbGlkZXNob3ciOiI4MjQ5ZWJjIn0%3D\">\n\t\t\t\t\t<div class=\"e-gallery-image elementor-gallery-item__image\" data-thumbnail=\"https:\/\/valeriedruart.be\/wp-content\/uploads\/2025\/11\/couv-livret-kit-emotions.png\" data-width=\"700\" data-height=\"994\" aria-label=\"\" role=\"img\" ><\/div>\n\t\t\t\t\t\t\t\t\t\t\t<div class=\"elementor-gallery-item__overlay\"><\/div>\n\t\t\t\t\t\t\t\t\t\t\t\t\t\t<\/a>\n\t\t\t\t\t\t\t<a class=\"e-gallery-item elementor-gallery-item elementor-animated-content\" href=\"https:\/\/valeriedruart.be\/wp-content\/uploads\/2025\/11\/couv-livret-infidelite.png\" data-elementor-open-lightbox=\"yes\" data-elementor-lightbox-slideshow=\"8249ebc\" data-e-action-hash=\"#elementor-action%3Aaction%3Dlightbox%26settings%3DeyJpZCI6NDkxLCJ1cmwiOiJodHRwczpcL1wvdmFsZXJpZWRydWFydC5iZVwvd3AtY29udGVudFwvdXBsb2Fkc1wvMjAyNVwvMTFcL2NvdXYtbGl2cmV0LWluZmlkZWxpdGUucG5nIiwic2xpZGVzaG93IjoiODI0OWViYyJ9\">\n\t\t\t\t\t<div class=\"e-gallery-image elementor-gallery-item__image\" data-thumbnail=\"https:\/\/valeriedruart.be\/wp-content\/uploads\/2025\/11\/couv-livret-infidelite.png\" data-width=\"700\" data-height=\"991\" aria-label=\"\" role=\"img\" ><\/div>\n\t\t\t\t\t\t\t\t\t\t\t<div class=\"elementor-gallery-item__overlay\"><\/div>\n\t\t\t\t\t\t\t\t\t\t\t\t\t\t<\/a>\n\t\t\t\t\t<\/div>\n\t\t\t\t\t<\/div>\n\t\t\t\t\t<\/div>\n\t\t\t\t<\/div>\n\t\t<div class=\"elementor-element elementor-element-69cc3330 e-flex e-con-boxed e-con e-parent\" data-id=\"69cc3330\" data-element_type=\"container\" data-e-type=\"container\">\n\t\t\t\t\t<div class=\"e-con-inner\">\n\t\t\t\t<div class=\"elementor-element elementor-element-16b9d7d elementor-widget elementor-widget-spacer\" data-id=\"16b9d7d\" data-element_type=\"widget\" data-e-type=\"widget\" data-widget_type=\"spacer.default\">\n\t\t\t\t\t\t\t<div class=\"elementor-spacer\">\n\t\t\t<div class=\"elementor-spacer-inner\"><\/div>\n\t\t<\/div>\n\t\t\t\t\t\t<\/div>\n\t\t\t\t<div class=\"elementor-element elementor-element-285c5a4 elementor-widget-divider--view-line_icon elementor-view-default elementor-widget-divider--element-align-center elementor-widget elementor-widget-divider\" data-id=\"285c5a4\" data-element_type=\"widget\" data-e-type=\"widget\" data-widget_type=\"divider.default\">\n\t\t\t\t\t\t\t<div class=\"elementor-divider\">\n\t\t\t<span class=\"elementor-divider-separator\">\n\t\t\t\t\t\t\t<div class=\"elementor-icon elementor-divider__element\">\n\t\t\t\t\t<svg aria-hidden=\"true\" class=\"e-font-icon-svg e-fas-star\" viewBox=\"0 0 576 512\" xmlns=\"http:\/\/www.w3.org\/2000\/svg\"><path d=\"M259.3 17.8L194 150.2 47.9 171.5c-26.2 3.8-36.7 36.1-17.7 54.6l105.7 103-25 145.5c-4.5 26.3 23.2 46 46.4 33.7L288 439.6l130.7 68.7c23.2 12.2 50.9-7.4 46.4-33.7l-25-145.5 105.7-103c19-18.5 8.5-50.8-17.7-54.6L382 150.2 316.7 17.8c-11.7-23.6-45.6-23.9-57.4 0z\"><\/path><\/svg><\/div>\n\t\t\t\t\t\t<\/span>\n\t\t<\/div>\n\t\t\t\t\t\t<\/div>\n\t\t\t\t<div class=\"elementor-element elementor-element-9f4291b elementor-widget elementor-widget-text-editor\" data-id=\"9f4291b\" data-element_type=\"widget\" data-e-type=\"widget\" data-widget_type=\"text-editor.default\">\n\t\t\t\t\t\t\t\t\t<ul><li>LIVRES COLLECTIFS AUTO-EDIT\u00c9S (Fanzines,&#8230;)<\/li><\/ul>\t\t\t\t\t\t\t\t<\/div>\n\t\t\t\t<div class=\"elementor-element elementor-element-d656857 elementor-widget elementor-widget-text-editor\" data-id=\"d656857\" data-element_type=\"widget\" data-e-type=\"widget\" data-widget_type=\"text-editor.default\">\n\t\t\t\t\t\t\t\t\t<p>En construction.<\/p>\t\t\t\t\t\t\t\t<\/div>\n\t\t\t\t\t<\/div>\n\t\t\t\t<\/div>\n\t\t\t\t<\/div>\n\t\t","protected":false},"excerpt":{"rendered":"<p>Livres auto \u00e9dit\u00e9s LIVRES AUTO-EDIT\u00c9S SOLOS Clique sur l&rsquo;image pour les regarder en entier LIVRES COLLECTIFS AUTO-EDIT\u00c9S (Fanzines,&#8230;) En construction.<\/p>\n","protected":false},"author":1,"featured_media":0,"parent":0,"menu_order":0,"comment_status":"closed","ping_status":"closed","template":"","meta":{"footnotes":""},"folder":[],"class_list":["post-488","page","type-page","status-publish","hentry"],"_links":{"self":[{"href":"https:\/\/valeriedruart.be\/index.php\/wp-json\/wp\/v2\/pages\/488","targetHints":{"allow":["GET"]}}],"collection":[{"href":"https:\/\/valeriedruart.be\/index.php\/wp-json\/wp\/v2\/pages"}],"about":[{"href":"https:\/\/valeriedruart.be\/index.php\/wp-json\/wp\/v2\/types\/page"}],"author":[{"embeddable":true,"href":"https:\/\/valeriedruart.be\/index.php\/wp-json\/wp\/v2\/users\/1"}],"replies":[{"embeddable":true,"href":"https:\/\/valeriedruart.be\/index.php\/wp-json\/wp\/v2\/comments?post=488"}],"version-history":[{"count":16,"href":"https:\/\/valeriedruart.be\/index.php\/wp-json\/wp\/v2\/pages\/488\/revisions"}],"predecessor-version":[{"id":1331,"href":"https:\/\/valeriedruart.be\/index.php\/wp-json\/wp\/v2\/pages\/488\/revisions\/1331"}],"wp:attachment":[{"href":"https:\/\/valeriedruart.be\/index.php\/wp-json\/wp\/v2\/media?parent=488"}],"wp:term":[{"taxonomy":"folder","embeddable":true,"href":"https:\/\/valeriedruart.be\/index.php\/wp-json\/wp\/v2\/folder?post=488"}],"curies":[{"name":"wp","href":"https:\/\/api.w.org\/{rel}","templated":true}]}}