{"id":503,"date":"2025-11-20T10:59:45","date_gmt":"2025-11-20T10:59:45","guid":{"rendered":"https:\/\/valeriedruart.be\/index.php\/confidentialite\/"},"modified":"2025-12-05T13:22:23","modified_gmt":"2025-12-05T13:22:23","slug":"confidentialite","status":"publish","type":"page","link":"https:\/\/valeriedruart.be\/index.php\/confidentialite\/","title":{"rendered":"Confidentialit\u00e9"},"content":{"rendered":"\t\t<div data-elementor-type=\"wp-page\" data-elementor-id=\"503\" class=\"elementor elementor-503\" data-elementor-post-type=\"page\">\n\t\t\t\t<div class=\"elementor-element elementor-element-06c4da7 e-flex e-con-boxed e-con e-parent\" data-id=\"06c4da7\" data-element_type=\"container\" data-e-type=\"container\">\n\t\t\t\t\t<div class=\"e-con-inner\">\n\t\t\t\t<div class=\"elementor-element elementor-element-2b066e24 elementor-widget elementor-widget-heading\" data-id=\"2b066e24\" data-element_type=\"widget\" data-e-type=\"widget\" data-widget_type=\"heading.default\">\n\t\t\t\t\t<h2 class=\"elementor-heading-title elementor-size-default\">Confidentialit\u00e9<\/h2>\t\t\t\t<\/div>\n\t\t\t\t\t<\/div>\n\t\t\t\t<\/div>\n\t\t<div class=\"elementor-element elementor-element-1793c307 e-flex e-con-boxed e-con e-parent\" data-id=\"1793c307\" data-element_type=\"container\" data-e-type=\"container\">\n\t\t\t\t\t<div class=\"e-con-inner\">\n\t\t\t\t<div class=\"elementor-element elementor-element-383a50f4 elementor-widget elementor-widget-text-editor\" data-id=\"383a50f4\" data-element_type=\"widget\" data-e-type=\"widget\" data-widget_type=\"text-editor.default\">\n\t\t\t\t\t\t\t\t\t<p>Les informations personnelles que nous collectons<\/p>\t\t\t\t\t\t\t\t<\/div>\n\t\t\t\t<div class=\"elementor-element elementor-element-33ff404e elementor-widget elementor-widget-text-editor\" data-id=\"33ff404e\" data-element_type=\"widget\" data-e-type=\"widget\" data-widget_type=\"text-editor.default\">\n\t\t\t\t\t\t\t\t\t<p style=\"font-weight: 400;\">Pour traiter votre commande, vous devez nous fournir certaines informations, et notamment vos nom, email, adresse postale, num\u00e9ro de t\u00e9l\u00e9phone, ainsi que le descriptif du produit que vous commandez. Vous pouvez \u00e9galement d\u00e9cider de nous communiquer certaines informations personnelles compl\u00e9mentaires, en nous contactant directement.<\/p><p style=\"font-weight: 400;\"><strong>Sur quelle base nous recueillons, utilisons et partageons vos informations personnelles<\/strong><\/p><ul style=\"font-weight: 400;\"><li>pour vous fournir nos services, par exemple lorsque nous utilisons vos informations pour traiter votre commande, r\u00e9soudre un litige ou assurer le service client\u00a0;<\/li><li>lorsque vous nous avez donn\u00e9 votre consentement explicite, que vous pouvez r\u00e9voquer \u00e0 tout moment, par exemple en vous inscrivant \u00e0 notre newsletter\u00a0;<\/li><li>si n\u00e9cessaire, pour r\u00e9pondre \u00e0 une obligation l\u00e9gale, un arr\u00eat juridique ou en lien avec une demande de la justice comme par exemple le fait de conserver des informations concernant vos achats dans le cadre de la l\u00e9gislation fiscale\u00a0;\u00a0<\/li><li>si n\u00e9cessaire, pour servir nos int\u00e9r\u00eats l\u00e9gitimes, dans le cas o\u00f9 ces int\u00e9r\u00eats l\u00e9gitimes ne sont pas invalid\u00e9s par vos droits ou vos int\u00e9r\u00eats, tels que fournir et am\u00e9liorer nos services. Nous utilisons vos informations pour fournir les services que vous avez demand\u00e9s et dans notre int\u00e9r\u00eat l\u00e9gitime \u00e0 am\u00e9liorer ces services.<\/li><\/ul><p><strong>Partage des informations personnelles<\/strong><\/p><p style=\"font-weight: 400;\">Les informations concernant nos clients sont importantes pour notre activit\u00e9. Nous ne partageons vos informations personnelles que pour un nombre tr\u00e8s limit\u00e9 de raisons, ainsi que dans un nombre limit\u00e9 de circonstances telles que\u00a0:<\/p><ul style=\"font-weight: 400;\"><li>Les transferts d\u2019activit\u00e9. Si nous vendons notre entreprise ou la fusionne avec une autre, nous pouvons avoir \u00e0 communiquer vos informations dans le cadre de cette transaction mais uniquement dans la mesure autoris\u00e9e par la loi.<\/li><li>Le respect de la l\u00e9gislation. Nous pouvons avoir \u00e0 recueillir, utiliser, conserver et partager vos informations nous pensons en toute bonne foi que cela est n\u00e9cessaire et raisonnable pour\u00a0: (a) r\u00e9pondre \u00e0 un processus juridique ou une demande de l\u2019\u00e9tat\u00a0; (b) faire appliquer nos accords, nos conditions ou nos r\u00e8glements\u00a0; (c) emp\u00eacher, enqu\u00eater sur ou g\u00e9rer toute fraude ou autre activit\u00e9 ill\u00e9gale, ou tout probl\u00e8me technique ou de s\u00e9curit\u00e9\u00a0; ou (d) prot\u00e9ger les droits, la propri\u00e9t\u00e9 et la s\u00e9curit\u00e9 de nos clients ou d\u2019autres personnes.<\/li><\/ul><p><strong>Dur\u00e9e de conservation des donn\u00e9es personnelles<\/strong><\/p><p style=\"font-weight: 400;\">Nous conservons vos informations uniquement aussi longtemps que n\u00e9cessaire pour vous fournir nos services et aux fins \u00e9tablies dans nos r\u00e8gles de confidentialit\u00e9. Nous pouvons \u00e9galement avoir \u00e0 conserver ces informations pour nous conformer \u00e0 des obligations l\u00e9gislatives et juridiques, r\u00e9soudre des litiges et faire appliquer nos engagements. Nous les conservons g\u00e9n\u00e9ralement pour une dur\u00e9e de\u00a0: 10 ans.<\/p><p style=\"font-weight: 400;\"><strong>Vos droits<\/strong><\/p><ul style=\"font-weight: 400;\"><li>Acc\u00e9der. Vous pouvez avoir le droit d\u2019acc\u00e9der aux informations personnelles que nous d\u00e9tenons vous concernant et d\u2019en recevoir une copie en nous contactant.<\/li><li>Modifier, restreindre, supprimer. Vous pouvez \u00e9galement avoir le droit de modifier vos informations personnelles, de restreindre notre utilisation de celles-ci ou de les supprimer. En dehors de circonstances exceptionnelles, nous supprimerons vos informations personnelles sur simple demande.<\/li><li>S\u2019opposer. Vous pouvez vous opposer 1) \u00e0 ce que nous traitions certaines de vos informations dans le cadre de nos int\u00e9r\u00eats l\u00e9gitimes et 2) \u00e0 la r\u00e9ception de messages marketing de notre part apr\u00e8s avoir explicitement consenti \u00e0 les recevoir. Dans ces cas pr\u00e9cis, nous supprimerons vos informations personnelles \u00e0 moins de disposer de motifs l\u00e9gitimes pour poursuivre l\u2019utilisation de celles-ci, ou dans les cas o\u00f9 elles sont n\u00e9cessaires pour des raisons l\u00e9gales.<\/li><li>Se plaindre. Si vous r\u00e9sidez dans l\u2019Union europ\u00e9enne et que vous souhaitez manifester une inqui\u00e9tude quant \u00e0 notre utilisation de vos informations (et sans porter atteinte aux autres droits dont vous pouvez b\u00e9n\u00e9ficier), vous pouvez le faire aupr\u00e8s de vos autorit\u00e9s locales de protection des donn\u00e9es.<\/li><\/ul><p style=\"font-weight: 400;\">Comment nous contacter\u00a0:<\/p><p style=\"font-weight: 400;\">Pour toute question ou pr\u00e9occupation, vous pouvez nous contacter via\u00a0<a href=\"https:\/\/valeriedruart.be\/index.php\/contact\/\"><strong><u>EMAIL<\/u><\/strong>.<\/a><\/p>\t\t\t\t\t\t\t\t<\/div>\n\t\t\t\t\t<\/div>\n\t\t\t\t<\/div>\n\t\t\t\t<\/div>\n\t\t","protected":false},"excerpt":{"rendered":"<p>Confidentialit\u00e9 Les informations personnelles que nous collectons Pour traiter votre commande, vous devez nous fournir certaines informations, et notamment vos nom, email, adresse postale, num\u00e9ro de t\u00e9l\u00e9phone, ainsi que le descriptif du produit que vous commandez. Vous pouvez \u00e9galement d\u00e9cider de nous communiquer certaines informations personnelles compl\u00e9mentaires, en nous contactant directement. Sur quelle base nous [&hellip;]<\/p>\n","protected":false},"author":1,"featured_media":0,"parent":0,"menu_order":0,"comment_status":"closed","ping_status":"closed","template":"","meta":{"footnotes":""},"folder":[],"class_list":["post-503","page","type-page","status-publish","hentry"],"_links":{"self":[{"href":"https:\/\/valeriedruart.be\/index.php\/wp-json\/wp\/v2\/pages\/503","targetHints":{"allow":["GET"]}}],"collection":[{"href":"https:\/\/valeriedruart.be\/index.php\/wp-json\/wp\/v2\/pages"}],"about":[{"href":"https:\/\/valeriedruart.be\/index.php\/wp-json\/wp\/v2\/types\/page"}],"author":[{"embeddable":true,"href":"https:\/\/valeriedruart.be\/index.php\/wp-json\/wp\/v2\/users\/1"}],"replies":[{"embeddable":true,"href":"https:\/\/valeriedruart.be\/index.php\/wp-json\/wp\/v2\/comments?post=503"}],"version-history":[{"count":10,"href":"https:\/\/valeriedruart.be\/index.php\/wp-json\/wp\/v2\/pages\/503\/revisions"}],"predecessor-version":[{"id":1306,"href":"https:\/\/valeriedruart.be\/index.php\/wp-json\/wp\/v2\/pages\/503\/revisions\/1306"}],"wp:attachment":[{"href":"https:\/\/valeriedruart.be\/index.php\/wp-json\/wp\/v2\/media?parent=503"}],"wp:term":[{"taxonomy":"folder","embeddable":true,"href":"https:\/\/valeriedruart.be\/index.php\/wp-json\/wp\/v2\/folder?post=503"}],"curies":[{"name":"wp","href":"https:\/\/api.w.org\/{rel}","templated":true}]}}