{"id":518,"date":"2025-11-20T10:59:45","date_gmt":"2025-11-20T10:59:45","guid":{"rendered":"https:\/\/valeriedruart.be\/index.php\/a-propos\/"},"modified":"2025-12-05T12:14:16","modified_gmt":"2025-12-05T12:14:16","slug":"a-propos","status":"publish","type":"page","link":"https:\/\/valeriedruart.be\/index.php\/a-propos\/","title":{"rendered":"\u00c0 propos"},"content":{"rendered":"\t\t<div data-elementor-type=\"wp-page\" data-elementor-id=\"518\" class=\"elementor elementor-518\" data-elementor-post-type=\"page\">\n\t\t\t\t<div class=\"elementor-element elementor-element-9956d5c e-flex e-con-boxed e-con e-parent\" data-id=\"9956d5c\" data-element_type=\"container\" data-e-type=\"container\">\n\t\t\t\t\t<div class=\"e-con-inner\">\n\t\t\t\t<div class=\"elementor-element elementor-element-0730f9c elementor-widget elementor-widget-heading\" data-id=\"0730f9c\" data-element_type=\"widget\" data-e-type=\"widget\" data-widget_type=\"heading.default\">\n\t\t\t\t\t<h2 class=\"elementor-heading-title elementor-size-default\">\u00c0 propos<\/h2>\t\t\t\t<\/div>\n\t\t\t\t\t<\/div>\n\t\t\t\t<\/div>\n\t\t<div class=\"elementor-element elementor-element-28253468 e-flex e-con-boxed e-con e-parent\" data-id=\"28253468\" data-element_type=\"container\" data-e-type=\"container\">\n\t\t\t\t\t<div class=\"e-con-inner\">\n\t\t<div class=\"elementor-element elementor-element-61e7b7a2 e-con-full e-flex e-con e-child\" data-id=\"61e7b7a2\" data-element_type=\"container\" data-e-type=\"container\">\n\t\t\t\t<div class=\"elementor-element elementor-element-229064be elementor-widget elementor-widget-image\" data-id=\"229064be\" data-element_type=\"widget\" data-e-type=\"widget\" data-widget_type=\"image.default\">\n\t\t\t\t\t\t\t\t\t\t\t\t\t\t\t<img fetchpriority=\"high\" decoding=\"async\" width=\"480\" height=\"640\" src=\"https:\/\/valeriedruart.be\/wp-content\/uploads\/2025\/11\/IMG_5942-Moyenne.jpeg\" class=\"attachment-medium_large size-medium_large wp-image-284\" alt=\"\" srcset=\"https:\/\/valeriedruart.be\/wp-content\/uploads\/2025\/11\/IMG_5942-Moyenne.jpeg 480w, https:\/\/valeriedruart.be\/wp-content\/uploads\/2025\/11\/IMG_5942-Moyenne-225x300.jpeg 225w\" sizes=\"(max-width: 480px) 100vw, 480px\" \/>\t\t\t\t\t\t\t\t\t\t\t\t\t\t\t<\/div>\n\t\t\t\t<\/div>\n\t\t<div class=\"elementor-element elementor-element-705cbcb4 e-con-full e-flex e-con e-child\" data-id=\"705cbcb4\" data-element_type=\"container\" data-e-type=\"container\">\n\t\t<div class=\"elementor-element elementor-element-7091c625 e-con-full e-flex e-con e-child\" data-id=\"7091c625\" data-element_type=\"container\" data-e-type=\"container\">\n\t\t\t\t<div class=\"elementor-element elementor-element-27b2a4d2 elementor-widget elementor-widget-heading\" data-id=\"27b2a4d2\" data-element_type=\"widget\" data-e-type=\"widget\" data-widget_type=\"heading.default\">\n\t\t\t\t\t<h2 class=\"elementor-heading-title elementor-size-default\">Illustrations, graphisme et communication\n\n<\/h2>\t\t\t\t<\/div>\n\t\t\t\t<div class=\"elementor-element elementor-element-24814d83 elementor-widget elementor-widget-text-editor\" data-id=\"24814d83\" data-element_type=\"widget\" data-e-type=\"widget\" data-widget_type=\"text-editor.default\">\n\t\t\t\t\t\t\t\t\t<div id=\"WRchTxt1q-iy6\" class=\"Z_l5lU ku3DBC zQ9jDz qvSjx3 Vq6kJx WRchTxt1q-iy6 wixui-rich-text\" data-testid=\"richTextElement\"><p><span style=\"font-weight: 400;\">Avec plus de dix ans de formation en dessin et bande dessine\u0301e, a\u0300 l\u2019Acade\u0301mie des Arts de Braine l\u2019Alleud puis de Bruxelles, Vale\u0301rie Druart illustre des histoires fictives ou re\u0301elles, <\/span><span style=\"font-weight: 400;\">avec une touche d\u2019humour et d\u2019expressivit\u00e9, souvent li\u00e9e \u00e0 des \u00e9motions universelles. <\/span><\/p><p><span style=\"font-weight: 400;\"><a href=\"https:\/\/valeriedruart.be\/index.php\/portfolio\/\">&gt;&gt; D\u00e9couvre mon portfolio<\/a><\/span><\/p><\/div>\t\t\t\t\t\t\t\t<\/div>\n\t\t\t\t<\/div>\n\t\t<div class=\"elementor-element elementor-element-5d7cacb2 e-con-full e-flex e-con e-child\" data-id=\"5d7cacb2\" data-element_type=\"container\" data-e-type=\"container\">\n\t\t\t\t<div class=\"elementor-element elementor-element-911b886 elementor-widget elementor-widget-text-editor\" data-id=\"911b886\" data-element_type=\"widget\" data-e-type=\"widget\" data-widget_type=\"text-editor.default\">\n\t\t\t\t\t\t\t\t\t<p><span style=\"font-weight: 400;\">Principalement outill\u00e9e de sa tablette graphique, parfois \u00e0 l\u2019encre de chine ou \u00e0 l\u2019aquarelle, <\/span><span style=\"font-weight: 400;\">son parcours va du fanzine ind\u00e9pendant \u00e0 la BD auto\u2011\u00e9dit\u00e9e, de projets artistiques personnels et collectifs \u00e0 <a href=\"https:\/\/valeriedruart.be\/index.php\/produits\/\">des COMMANDES d\u2019illustrations priv\u00e9es, uniques et personnalis\u00e9es.<\/a><\/span><\/p>\t\t\t\t\t\t\t\t<\/div>\n\t\t\t\t<div class=\"elementor-element elementor-element-66770a78 elementor-widget elementor-widget-image\" data-id=\"66770a78\" data-element_type=\"widget\" data-e-type=\"widget\" data-widget_type=\"image.default\">\n\t\t\t\t\t\t\t\t\t\t\t\t\t\t\t<img decoding=\"async\" width=\"300\" height=\"300\" src=\"https:\/\/valeriedruart.be\/wp-content\/uploads\/2025\/11\/logo-300x300.jpg\" class=\"attachment-medium size-medium wp-image-285\" alt=\"\" srcset=\"https:\/\/valeriedruart.be\/wp-content\/uploads\/2025\/11\/logo-300x300.jpg 300w, https:\/\/valeriedruart.be\/wp-content\/uploads\/2025\/11\/logo-150x150.jpg 150w, https:\/\/valeriedruart.be\/wp-content\/uploads\/2025\/11\/logo.jpg 512w\" sizes=\"(max-width: 300px) 100vw, 300px\" \/>\t\t\t\t\t\t\t\t\t\t\t\t\t\t\t<\/div>\n\t\t\t\t<\/div>\n\t\t\t\t<\/div>\n\t\t\t\t\t<\/div>\n\t\t\t\t<\/div>\n\t\t<div class=\"elementor-element elementor-element-489bab8 e-flex e-con-boxed e-con e-parent\" data-id=\"489bab8\" data-element_type=\"container\" data-e-type=\"container\">\n\t\t\t\t\t<div class=\"e-con-inner\">\n\t\t\t\t<div class=\"elementor-element elementor-element-460f696e elementor-widget elementor-widget-heading\" data-id=\"460f696e\" data-element_type=\"widget\" data-e-type=\"widget\" data-widget_type=\"heading.default\">\n\t\t\t\t\t<h2 class=\"elementor-heading-title elementor-size-default\">PARCOURS ARTISTIQUE<\/h2>\t\t\t\t<\/div>\n\t\t\t\t\t<\/div>\n\t\t\t\t<\/div>\n\t\t<div class=\"elementor-element elementor-element-8859763 e-flex e-con-boxed e-con e-parent\" data-id=\"8859763\" data-element_type=\"container\" data-e-type=\"container\">\n\t\t\t\t\t<div class=\"e-con-inner\">\n\t\t<div class=\"elementor-element elementor-element-811ace7 e-con-full e-flex e-con e-child\" data-id=\"811ace7\" data-element_type=\"container\" data-e-type=\"container\">\n\t\t\t\t<div class=\"elementor-element elementor-element-3a8c67c8 elementor-widget__width-initial elementor-drop-cap-yes elementor-drop-cap-view-default elementor-widget elementor-widget-text-editor\" data-id=\"3a8c67c8\" data-element_type=\"widget\" data-e-type=\"widget\" data-settings=\"{&quot;drop_cap&quot;:&quot;yes&quot;}\" data-widget_type=\"text-editor.default\">\n\t\t\t\t\t\t\t\t\t<div id=\"WRchTxt1q-iy6\" class=\"Z_l5lU ku3DBC zQ9jDz qvSjx3 Vq6kJx WRchTxt1q-iy6 wixui-rich-text\" data-testid=\"richTextElement\"><p class=\"font_7 wixui-rich-text__text\">Val\u00e9rie fait partie de ces gamins qui restent scotch\u00e9s des heures sur la mise \u00e0 plat de leurs id\u00e9es d\u00e8s qu&rsquo;on leur met un support et un crayon entre les mains.<\/p><p class=\"font_7 wixui-rich-text__text\">\u00c7a ne l&rsquo;a pas quitt\u00e9, le dessin exprime ce qui se passe en elle, \u00a0ses instants de bonheur et ses grands moments de solitude qui la font (sou)rire une fois pos\u00e9s sur papier.<\/p><\/div><div id=\"comp-ls4xszhq\" class=\"Z_l5lU ku3DBC zQ9jDz qvSjx3 Vq6kJx comp-ls4xszhq wixui-rich-text\" data-testid=\"richTextElement\"><p class=\"font_7 wixui-rich-text__text\"><span class=\"wixui-rich-text__text\">En septembre <strong>2020<\/strong>, elle auto-\u00e9dite sa 1ere BD autobiographique <a href=\"https:\/\/valeriedruart.be\/index.php\/livres-auto-edites\/\">\u00ab\u00a0L&rsquo;audace de se montrer audacieux\u00a0\u00bb<\/a>.<\/span><\/p><p class=\"font_7 wixui-rich-text__text\"><span class=\"wixui-rich-text__text\"><strong>2021<\/strong>, elle\u00a0pr\u00e9sente un travail autour de la jalousie, de l&rsquo;infid\u00e9lit\u00e9 et de la p\u00e2tisserie sur divers m\u00e9diums, au <a href=\"https:\/\/parcours1190.be\/\" target=\"_blank\" rel=\"noopener\">parcours d&rsquo;artiste de Forest<\/a> (Bruxelles), en duo avec Hubert Fiasse qui pr\u00e9sente des courts m\u00e9trages sur des sujets similaires.<\/span><\/p><p class=\"font_7 wixui-rich-text__text\"><span class=\"wixui-rich-text__text\"><strong>2022-2025<\/strong>, elle co-produit avec l&rsquo;ASBL Quizas l&rsquo;exp\u00e9rience immersive \u00ab\u00a0<a href=\"https:\/\/valeriedruart.be\/index.php\/beldavia-expo-action-immersive\/\">Beldavia<\/a>\u00ab\u00a0, pour laquelle elle conceptualise l&rsquo;univers graphique et produit toutes les illustrations. En 2025-2026, \u00ab\u00a0Beldavia\u00a0\u00bb pr\u00e9sente sa 3e \u00e9dition \u00e0 La Fonderie de Molenbeek. Elle y est \u00e9galement commissaire d&rsquo;expo et est\u00a0en charge de la communication.<\/span><\/p><p class=\"font_7 wixui-rich-text__text\"><span class=\"wixui-rich-text__text\"><strong>2023<\/strong>, elle entame \u00ab\u00a0L&rsquo;art d&rsquo;accueillir nos \u00e9motions\u00a0\u00bb un guide humoristique illustr\u00e9, d&rsquo;o\u00f9 naitront <a href=\"https:\/\/valeriedruart.be\/index.php\/livres-auto-edites\/\">deux livrets auto-\u00e9dit\u00e9s<\/a>. Le projet \u00e0 plus grande \u00e9chelle est toujours en cours.<\/span><\/p><p><strong>2022-2025<\/strong>, elle r\u00e9alise plusieurs\u00a0<a href=\"https:\/\/valeriedruart.be\/index.php\/commandes\/\" target=\"_blank\" rel=\"noopener\">illustrations sur mesure sur commande.<\/a><\/p><\/div><div id=\"comp-ls4xszhq\" class=\"Z_l5lU ku3DBC zQ9jDz qvSjx3 Vq6kJx comp-ls4xszhq wixui-rich-text\" data-testid=\"richTextElement\"><p class=\"font_7 wixui-rich-text__text\">\u00a0<\/p><\/div>\t\t\t\t\t\t\t\t<\/div>\n\t\t\t\t<\/div>\n\t\t<div class=\"elementor-element elementor-element-e010162 e-con-full e-flex e-con e-child\" data-id=\"e010162\" data-element_type=\"container\" data-e-type=\"container\">\n\t\t\t\t<div class=\"elementor-element elementor-element-16c76b00 elementor-widget elementor-widget-image\" data-id=\"16c76b00\" data-element_type=\"widget\" data-e-type=\"widget\" data-widget_type=\"image.default\">\n\t\t\t\t\t\t\t\t\t\t\t\t\t\t\t<img decoding=\"async\" width=\"500\" height=\"615\" src=\"https:\/\/valeriedruart.be\/wp-content\/uploads\/2025\/11\/P1-copie.png\" class=\"attachment-medium_large size-medium_large wp-image-286\" alt=\"\" srcset=\"https:\/\/valeriedruart.be\/wp-content\/uploads\/2025\/11\/P1-copie.png 500w, https:\/\/valeriedruart.be\/wp-content\/uploads\/2025\/11\/P1-copie-244x300.png 244w\" sizes=\"(max-width: 500px) 100vw, 500px\" \/>\t\t\t\t\t\t\t\t\t\t\t\t\t\t\t<\/div>\n\t\t\t\t<div class=\"elementor-element elementor-element-5160f64 elementor-widget elementor-widget-text-editor\" data-id=\"5160f64\" data-element_type=\"widget\" data-e-type=\"widget\" data-widget_type=\"text-editor.default\">\n\t\t\t\t\t\t\t\t\t<p><strong>2025<\/strong>, Laur\u00e9ate du Prix de la Fondation Marinette de Cloedt, pour son travail de fin d&rsquo;ann\u00e9e en Bande dessin\u00e9e, \u00e0<a href=\"https:\/\/www.facebook.com\/profile.php?id=100042343998385\" target=\"_blank\" rel=\"noopener\"> l&rsquo;\u00e9cole des Arts d&rsquo;Ixelles, <\/a>elle pr\u00e9sentera son travail lors de l&rsquo;exposition Hexagonale au Kult-XL en d\u00e9cembre pour les projets prim\u00e9s.<\/p><div id=\"comp-ls4xszhq\" class=\"Z_l5lU ku3DBC zQ9jDz qvSjx3 Vq6kJx comp-ls4xszhq wixui-rich-text\" data-testid=\"richTextElement\"><p class=\"font_7 wixui-rich-text__text\">\u00a0<\/p><\/div>\t\t\t\t\t\t\t\t<\/div>\n\t\t\t\t<\/div>\n\t\t\t\t\t<\/div>\n\t\t\t\t<\/div>\n\t\t<div class=\"elementor-element elementor-element-32736186 e-flex e-con-boxed e-con e-parent\" data-id=\"32736186\" data-element_type=\"container\" data-e-type=\"container\">\n\t\t\t\t\t<div class=\"e-con-inner\">\n\t\t<div class=\"elementor-element elementor-element-2617ce3a e-con-full e-flex e-con e-child\" data-id=\"2617ce3a\" data-element_type=\"container\" data-e-type=\"container\">\n\t\t\t\t<div class=\"elementor-element elementor-element-2e89a092 elementor-widget elementor-widget-image\" data-id=\"2e89a092\" data-element_type=\"widget\" data-e-type=\"widget\" data-widget_type=\"image.default\">\n\t\t\t\t\t\t\t\t\t\t\t\t\t\t\t<img loading=\"lazy\" decoding=\"async\" width=\"500\" height=\"333\" src=\"https:\/\/valeriedruart.be\/wp-content\/uploads\/2025\/11\/IMG_3774-copie.jpg\" class=\"attachment-medium_large size-medium_large wp-image-289\" alt=\"\" srcset=\"https:\/\/valeriedruart.be\/wp-content\/uploads\/2025\/11\/IMG_3774-copie.jpg 500w, https:\/\/valeriedruart.be\/wp-content\/uploads\/2025\/11\/IMG_3774-copie-300x200.jpg 300w\" sizes=\"(max-width: 500px) 100vw, 500px\" \/>\t\t\t\t\t\t\t\t\t\t\t\t\t\t\t<\/div>\n\t\t\t\t<div class=\"elementor-element elementor-element-52c4076f elementor-widget elementor-widget-image\" data-id=\"52c4076f\" data-element_type=\"widget\" data-e-type=\"widget\" data-widget_type=\"image.default\">\n\t\t\t\t\t\t\t\t\t\t\t\t\t\t\t<img loading=\"lazy\" decoding=\"async\" width=\"768\" height=\"1024\" src=\"https:\/\/valeriedruart.be\/wp-content\/uploads\/2025\/11\/IMG_2460-768x1024.jpg\" class=\"attachment-medium_large size-medium_large wp-image-287\" alt=\"\" srcset=\"https:\/\/valeriedruart.be\/wp-content\/uploads\/2025\/11\/IMG_2460-768x1024.jpg 768w, https:\/\/valeriedruart.be\/wp-content\/uploads\/2025\/11\/IMG_2460-225x300.jpg 225w, https:\/\/valeriedruart.be\/wp-content\/uploads\/2025\/11\/IMG_2460-1152x1536.jpg 1152w, https:\/\/valeriedruart.be\/wp-content\/uploads\/2025\/11\/IMG_2460.jpg 1536w\" sizes=\"(max-width: 768px) 100vw, 768px\" \/>\t\t\t\t\t\t\t\t\t\t\t\t\t\t\t<\/div>\n\t\t\t\t<\/div>\n\t\t<div class=\"elementor-element elementor-element-2347d403 e-con-full e-flex e-con e-child\" data-id=\"2347d403\" data-element_type=\"container\" data-e-type=\"container\">\n\t\t\t\t<div class=\"elementor-element elementor-element-302f7c3 elementor-widget elementor-widget-image\" data-id=\"302f7c3\" data-element_type=\"widget\" data-e-type=\"widget\" data-widget_type=\"image.default\">\n\t\t\t\t\t\t\t\t\t\t\t\t\t\t\t<img loading=\"lazy\" decoding=\"async\" width=\"768\" height=\"734\" src=\"https:\/\/valeriedruart.be\/wp-content\/uploads\/2025\/11\/IMG_2889-2-768x734.jpg\" class=\"attachment-medium_large size-medium_large wp-image-291\" alt=\"\" srcset=\"https:\/\/valeriedruart.be\/wp-content\/uploads\/2025\/11\/IMG_2889-2-768x734.jpg 768w, https:\/\/valeriedruart.be\/wp-content\/uploads\/2025\/11\/IMG_2889-2-300x287.jpg 300w, https:\/\/valeriedruart.be\/wp-content\/uploads\/2025\/11\/IMG_2889-2-1024x979.jpg 1024w, https:\/\/valeriedruart.be\/wp-content\/uploads\/2025\/11\/IMG_2889-2.jpg 1188w\" sizes=\"(max-width: 768px) 100vw, 768px\" \/>\t\t\t\t\t\t\t\t\t\t\t\t\t\t\t<\/div>\n\t\t\t\t<div class=\"elementor-element elementor-element-226514b0 elementor-widget elementor-widget-image\" data-id=\"226514b0\" data-element_type=\"widget\" data-e-type=\"widget\" data-widget_type=\"image.default\">\n\t\t\t\t\t\t\t\t\t\t\t\t\t\t\t<img loading=\"lazy\" decoding=\"async\" width=\"768\" height=\"666\" src=\"https:\/\/valeriedruart.be\/wp-content\/uploads\/2025\/11\/IMG_2882-1-768x666.jpg\" class=\"attachment-medium_large size-medium_large wp-image-288\" alt=\"\" srcset=\"https:\/\/valeriedruart.be\/wp-content\/uploads\/2025\/11\/IMG_2882-1-768x666.jpg 768w, https:\/\/valeriedruart.be\/wp-content\/uploads\/2025\/11\/IMG_2882-1-300x260.jpg 300w, https:\/\/valeriedruart.be\/wp-content\/uploads\/2025\/11\/IMG_2882-1-1024x888.jpg 1024w, https:\/\/valeriedruart.be\/wp-content\/uploads\/2025\/11\/IMG_2882-1-1536x1332.jpg 1536w, https:\/\/valeriedruart.be\/wp-content\/uploads\/2025\/11\/IMG_2882-1.jpg 1680w\" sizes=\"(max-width: 768px) 100vw, 768px\" \/>\t\t\t\t\t\t\t\t\t\t\t\t\t\t\t<\/div>\n\t\t\t\t<\/div>\n\t\t\t\t\t<\/div>\n\t\t\t\t<\/div>\n\t\t<div class=\"elementor-element elementor-element-b47732a e-flex e-con-boxed e-con e-parent\" data-id=\"b47732a\" data-element_type=\"container\" data-e-type=\"container\">\n\t\t\t\t\t<div class=\"e-con-inner\">\n\t\t\t\t<div class=\"elementor-element elementor-element-fe4b50e elementor-widget elementor-widget-image\" data-id=\"fe4b50e\" data-element_type=\"widget\" data-e-type=\"widget\" data-widget_type=\"image.default\">\n\t\t\t\t\t\t\t\t\t\t\t\t\t\t\t<img loading=\"lazy\" decoding=\"async\" width=\"700\" height=\"700\" src=\"https:\/\/valeriedruart.be\/wp-content\/uploads\/2025\/11\/autoportrait-dessine-e1763141860903.png\" class=\"attachment-medium_large size-medium_large wp-image-474\" alt=\"\" srcset=\"https:\/\/valeriedruart.be\/wp-content\/uploads\/2025\/11\/autoportrait-dessine-e1763141860903.png 700w, https:\/\/valeriedruart.be\/wp-content\/uploads\/2025\/11\/autoportrait-dessine-e1763141860903-300x300.png 300w, https:\/\/valeriedruart.be\/wp-content\/uploads\/2025\/11\/autoportrait-dessine-e1763141860903-150x150.png 150w\" sizes=\"(max-width: 700px) 100vw, 700px\" \/>\t\t\t\t\t\t\t\t\t\t\t\t\t\t\t<\/div>\n\t\t\t\t\t<\/div>\n\t\t\t\t<\/div>\n\t\t\t\t<\/div>\n\t\t","protected":false},"excerpt":{"rendered":"<p>\u00c0 propos Illustrations, graphisme et communication Avec plus de dix ans de formation en dessin et bande dessine\u0301e, a\u0300 l\u2019Acade\u0301mie des Arts de Braine l\u2019Alleud puis de Bruxelles, Vale\u0301rie Druart illustre des histoires fictives ou re\u0301elles, avec une touche d\u2019humour et d\u2019expressivit\u00e9, souvent li\u00e9e \u00e0 des \u00e9motions universelles. &gt;&gt; D\u00e9couvre mon portfolio Principalement outill\u00e9e de [&hellip;]<\/p>\n","protected":false},"author":1,"featured_media":0,"parent":0,"menu_order":0,"comment_status":"closed","ping_status":"closed","template":"","meta":{"footnotes":""},"folder":[],"class_list":["post-518","page","type-page","status-publish","hentry"],"_links":{"self":[{"href":"https:\/\/valeriedruart.be\/index.php\/wp-json\/wp\/v2\/pages\/518","targetHints":{"allow":["GET"]}}],"collection":[{"href":"https:\/\/valeriedruart.be\/index.php\/wp-json\/wp\/v2\/pages"}],"about":[{"href":"https:\/\/valeriedruart.be\/index.php\/wp-json\/wp\/v2\/types\/page"}],"author":[{"embeddable":true,"href":"https:\/\/valeriedruart.be\/index.php\/wp-json\/wp\/v2\/users\/1"}],"replies":[{"embeddable":true,"href":"https:\/\/valeriedruart.be\/index.php\/wp-json\/wp\/v2\/comments?post=518"}],"version-history":[{"count":19,"href":"https:\/\/valeriedruart.be\/index.php\/wp-json\/wp\/v2\/pages\/518\/revisions"}],"predecessor-version":[{"id":1235,"href":"https:\/\/valeriedruart.be\/index.php\/wp-json\/wp\/v2\/pages\/518\/revisions\/1235"}],"wp:attachment":[{"href":"https:\/\/valeriedruart.be\/index.php\/wp-json\/wp\/v2\/media?parent=518"}],"wp:term":[{"taxonomy":"folder","embeddable":true,"href":"https:\/\/valeriedruart.be\/index.php\/wp-json\/wp\/v2\/folder?post=518"}],"curies":[{"name":"wp","href":"https:\/\/api.w.org\/{rel}","templated":true}]}}